{"id":381,"date":"2021-08-23T02:10:02","date_gmt":"2021-08-23T02:10:02","guid":{"rendered":"https:\/\/ohnocouture.com\/about\/"},"modified":"2026-04-18T19:33:53","modified_gmt":"2026-04-18T16:33:53","slug":"about","status":"publish","type":"page","link":"https:\/\/ohnocouture.com\/et\/about\/","title":{"rendered":"Our Story"},"content":{"rendered":"<div data-elementor-type=\"wp-page\" data-elementor-id=\"381\" class=\"elementor elementor-381\" data-elementor-post-type=\"page\">\n\t\t\t\t\t\t<section class=\"elementor-section elementor-top-section elementor-element elementor-element-658d37d elementor-section-boxed elementor-section-height-default elementor-section-height-default\" data-id=\"658d37d\" data-element_type=\"section\" data-e-type=\"section\" data-settings=\"{&quot;background_background&quot;:&quot;classic&quot;}\">\n\t\t\t\t\t\t\t<div class=\"elementor-background-overlay\"><\/div>\n\t\t\t\t\t\t\t<div class=\"elementor-container elementor-column-gap-no\">\n\t\t\t\t\t<div class=\"elementor-column elementor-col-50 elementor-top-column elementor-element elementor-element-a4d0abe\" data-id=\"a4d0abe\" data-element_type=\"column\" data-e-type=\"column\">\n\t\t\t<div class=\"elementor-widget-wrap elementor-element-populated\">\n\t\t\t\t\t\t<div class=\"elementor-element elementor-element-74114c2 elementor-widget-tablet__width-initial elementor-widget elementor-widget-image\" data-id=\"74114c2\" data-element_type=\"widget\" data-e-type=\"widget\" data-widget_type=\"image.default\">\n\t\t\t\t<div class=\"elementor-widget-container\">\n\t\t\t\t\t\t\t\t\t\t\t\t\t\t\t<img fetchpriority=\"high\" decoding=\"async\" width=\"1347\" height=\"2560\" src=\"https:\/\/ohnocouture.com\/wp-content\/uploads\/2023\/02\/16765F51-A9A9-41C6-A2F1-0EF9DE2AAAD3_1_201_a-scaled-1-1.jpeg\" class=\"attachment-full size-full wp-image-2467\" alt=\"\" srcset=\"https:\/\/ohnocouture.com\/wp-content\/uploads\/2023\/02\/16765F51-A9A9-41C6-A2F1-0EF9DE2AAAD3_1_201_a-scaled-1-1.jpeg 1347w, https:\/\/ohnocouture.com\/wp-content\/uploads\/2023\/02\/16765F51-A9A9-41C6-A2F1-0EF9DE2AAAD3_1_201_a-scaled-1-1-768x1459.jpeg 768w, https:\/\/ohnocouture.com\/wp-content\/uploads\/2023\/02\/16765F51-A9A9-41C6-A2F1-0EF9DE2AAAD3_1_201_a-scaled-1-1-1320x2508.jpeg 1320w, https:\/\/ohnocouture.com\/wp-content\/uploads\/2023\/02\/16765F51-A9A9-41C6-A2F1-0EF9DE2AAAD3_1_201_a-scaled-1-1-300x570.jpeg 300w, https:\/\/ohnocouture.com\/wp-content\/uploads\/2023\/02\/16765F51-A9A9-41C6-A2F1-0EF9DE2AAAD3_1_201_a-scaled-1-1-700x1330.jpeg 700w\" sizes=\"(max-width: 1347px) 100vw, 1347px\" \/>\t\t\t\t\t\t\t\t\t\t\t\t\t\t\t<\/div>\n\t\t\t\t<\/div>\n\t\t\t\t\t<\/div>\n\t\t<\/div>\n\t\t\t\t<div class=\"elementor-column elementor-col-50 elementor-top-column elementor-element elementor-element-2a3590d\" data-id=\"2a3590d\" data-element_type=\"column\" data-e-type=\"column\">\n\t\t\t<div class=\"elementor-widget-wrap elementor-element-populated\">\n\t\t\t\t\t\t<div class=\"elementor-element elementor-element-aa8df5f elementor-widget elementor-widget-heading\" data-id=\"aa8df5f\" data-element_type=\"widget\" data-e-type=\"widget\" data-widget_type=\"heading.default\">\n\t\t\t\t<div class=\"elementor-widget-container\">\n\t\t\t\t\t<h6 class=\"elementor-heading-title elementor-size-default\">Loojalt<\/h6>\t\t\t\t<\/div>\n\t\t\t\t<\/div>\n\t\t\t\t<div class=\"elementor-element elementor-element-b881deb elementor-widget__width-auto elementor-hidden-mobile elementor-view-default elementor-widget elementor-widget-icon\" data-id=\"b881deb\" data-element_type=\"widget\" data-e-type=\"widget\" data-widget_type=\"icon.default\">\n\t\t\t\t<div class=\"elementor-widget-container\">\n\t\t\t\t\t\t\t<div class=\"elementor-icon-wrapper\">\n\t\t\t<div class=\"elementor-icon\">\n\t\t\t<i aria-hidden=\"true\" class=\"fas fa-quote-left\"><\/i>\t\t\t<\/div>\n\t\t<\/div>\n\t\t\t\t\t\t<\/div>\n\t\t\t\t<\/div>\n\t\t\t\t<div class=\"elementor-element elementor-element-c7d682d elementor-widget elementor-widget-testimonial\" data-id=\"c7d682d\" data-element_type=\"widget\" data-e-type=\"widget\" data-widget_type=\"testimonial.default\">\n\t\t\t\t<div class=\"elementor-widget-container\">\n\t\t\t\t\t\t\t<div class=\"elementor-testimonial-wrapper\">\n\t\t\t\t\t\t\t<div class=\"elementor-testimonial-content\">R\u00f5ivaste loomine on minu jaoks enamat kui amet \u2013 see on viis v\u00e4ljendada m\u00f5tteid, liikumist ja meeleolu l\u00e4bi vormi.\n\nOmades kogemust naiste \u00fcler\u00f5ivaste r\u00e4tsepat\u00f6\u00f6s ja disainis ning magistrikraadi \u00e4rikonsultatsioonis, olen leidnud tasakaalu k\u00e4sit\u00f6\u00f6meisterlikkuse ja strateegia vahel.\n\nMood on mind alati paelunud \u2013 mitte lihtsalt t\u00f6\u00f6stusharuna, vaid viisina kujundada identiteeti. L\u00e4bi selle v\u00e4ikese moemaja on minu eesm\u00e4rk avastada ajatut disaini, tehes seda p\u00fchendumuse, aususe ja osakese igap\u00e4evase luksusega.<\/div>\n\t\t\t\n\t\t\t\t\t\t<div class=\"elementor-testimonial-meta\">\n\t\t\t\t<div class=\"elementor-testimonial-meta-inner\">\n\t\t\t\t\t\n\t\t\t\t\t\t\t\t\t\t<div class=\"elementor-testimonial-details\">\n\t\t\t\t\t\t\t\t\t\t\t\t\t\t<div class=\"elementor-testimonial-name\">Katrin Ohno<\/div>\n\t\t\t\t\t\t\t\t\t\t\t\t\t\t\t\t\t\t\t<\/div>\n\t\t\t\t\t\t\t\t\t<\/div>\n\t\t\t<\/div>\n\t\t\t\t\t<\/div>\n\t\t\t\t\t\t<\/div>\n\t\t\t\t<\/div>\n\t\t\t\t<div class=\"elementor-element elementor-element-c6eb05c elementor-widget elementor-widget-heading\" data-id=\"c6eb05c\" data-element_type=\"widget\" data-e-type=\"widget\" data-widget_type=\"heading.default\">\n\t\t\t\t<div class=\"elementor-widget-container\">\n\t\t\t\t\t<h6 class=\"elementor-heading-title elementor-size-default\">Sotsiaalmeedia<\/h6>\t\t\t\t<\/div>\n\t\t\t\t<\/div>\n\t\t\t\t<div class=\"elementor-element elementor-element-6e17c59 e-grid-align-left elementor-shape-rounded elementor-grid-0 elementor-widget elementor-widget-social-icons\" data-id=\"6e17c59\" data-element_type=\"widget\" data-e-type=\"widget\" data-widget_type=\"social-icons.default\">\n\t\t\t\t<div class=\"elementor-widget-container\">\n\t\t\t\t\t\t\t<div class=\"elementor-social-icons-wrapper elementor-grid\">\n\t\t\t\t\t\t\t<span class=\"elementor-grid-item\">\n\t\t\t\t\t<a class=\"elementor-icon elementor-social-icon elementor-social-icon-instagram elementor-repeater-item-572f217\" href=\"https:\/\/www.instagram.com\/ohnocouture\/\" target=\"_blank\">\n\t\t\t\t\t\t<span class=\"elementor-screen-only\">Instagram<\/span>\n\t\t\t\t\t\t<i aria-hidden=\"true\" class=\"fab fa-instagram\"><\/i>\t\t\t\t\t<\/a>\n\t\t\t\t<\/span>\n\t\t\t\t\t<\/div>\n\t\t\t\t\t\t<\/div>\n\t\t\t\t<\/div>\n\t\t\t\t\t<\/div>\n\t\t<\/div>\n\t\t\t\t\t<\/div>\n\t\t<\/section>\n\t\t\t\t<\/div>","protected":false},"excerpt":{"rendered":"<p>From THe Founder Creating clothes is more than a profession to me \u2014 it\u2019s how I express thought, movement, and mood through form. With a background in women\u2019s outerwear tailoring and design, and a Master\u2019s degree in Business Consulting, I\u2019ve found a balance between craft and strategy. Fashion has always fascinated me \u2014 not just [&hellip;]<\/p>\n","protected":false},"author":1,"featured_media":0,"parent":0,"menu_order":0,"comment_status":"closed","ping_status":"closed","template":"","meta":{"site-sidebar-layout":"no-sidebar","site-content-layout":"page-builder","ast-site-content-layout":"full-width-container","site-content-style":"unboxed","site-sidebar-style":"unboxed","ast-global-header-display":"","ast-banner-title-visibility":"","ast-main-header-display":"","ast-hfb-above-header-display":"","ast-hfb-below-header-display":"","ast-hfb-mobile-header-display":"","site-post-title":"disabled","ast-breadcrumbs-content":"","ast-featured-img":"disabled","footer-sml-layout":"","theme-transparent-header-meta":"enabled","adv-header-id-meta":"","stick-header-meta":"","header-above-stick-meta":"","header-main-stick-meta":"","header-below-stick-meta":"","astra-migrate-meta-layouts":"set","ast-page-background-enabled":"default","ast-page-background-meta":{"desktop":{"background-color":"var(--ast-global-color-4)","background-image":"","background-repeat":"repeat","background-position":"center center","background-size":"auto","background-attachment":"scroll","background-type":"","background-media":"","overlay-type":"","overlay-color":"","overlay-gradient":""},"tablet":{"background-color":"","background-image":"","background-repeat":"repeat","background-position":"center center","background-size":"auto","background-attachment":"scroll","background-type":"","background-media":"","overlay-type":"","overlay-color":"","overlay-gradient":""},"mobile":{"background-color":"","background-image":"","background-repeat":"repeat","background-position":"center center","background-size":"auto","background-attachment":"scroll","background-type":"","background-media":"","overlay-type":"","overlay-color":"","overlay-gradient":""}},"ast-content-background-meta":{"desktop":{"background-color":"var(--ast-global-color-5)","background-image":"","background-repeat":"repeat","background-position":"center center","background-size":"auto","background-attachment":"scroll","background-type":"","background-media":"","overlay-type":"","overlay-color":"","overlay-gradient":""},"tablet":{"background-color":"var(--ast-global-color-5)","background-image":"","background-repeat":"repeat","background-position":"center center","background-size":"auto","background-attachment":"scroll","background-type":"","background-media":"","overlay-type":"","overlay-color":"","overlay-gradient":""},"mobile":{"background-color":"var(--ast-global-color-5)","background-image":"","background-repeat":"repeat","background-position":"center center","background-size":"auto","background-attachment":"scroll","background-type":"","background-media":"","overlay-type":"","overlay-color":"","overlay-gradient":""}},"footnotes":""},"class_list":["post-381","page","type-page","status-publish","hentry"],"yoast_head":"<!-- This site is optimized with the Yoast SEO plugin v27.4 - https:\/\/yoast.com\/product\/yoast-seo-wordpress\/ -->\n<title>Our Story | Ohno Couture<\/title>\n<meta name=\"description\" content=\"Learn about the heart of Ohno Couture. We combine high-end fashion with sustainable practices to create timeless, one-of-a-kind pieces that you can wear with confidence.\" \/>\n<meta name=\"robots\" content=\"index, follow, max-snippet:-1, max-image-preview:large, max-video-preview:-1\" \/>\n<link rel=\"canonical\" href=\"https:\/\/ohnocouture.com\/et\/about\/\" \/>\n<meta property=\"og:locale\" content=\"et_EE\" \/>\n<meta property=\"og:type\" content=\"article\" \/>\n<meta property=\"og:title\" content=\"Our Story | Ohno Couture\" \/>\n<meta property=\"og:description\" content=\"Learn about the heart of Ohno Couture. We combine high-end fashion with sustainable practices to create timeless, one-of-a-kind pieces that you can wear with confidence.\" \/>\n<meta property=\"og:url\" content=\"https:\/\/ohnocouture.com\/et\/about\/\" \/>\n<meta property=\"og:site_name\" content=\"Ohno Couture\" \/>\n<meta property=\"article:modified_time\" content=\"2026-04-18T16:33:53+00:00\" \/>\n<meta property=\"og:image\" content=\"https:\/\/ohnocouture.com\/wp-content\/uploads\/2023\/02\/16765F51-A9A9-41C6-A2F1-0EF9DE2AAAD3_1_201_a-scaled-1-1.jpeg\" \/>\n<meta name=\"twitter:card\" content=\"summary_large_image\" \/>\n<meta name=\"twitter:label1\" content=\"Est. reading time\" \/>\n\t<meta name=\"twitter:data1\" content=\"1 minut\" \/>\n<script type=\"application\/ld+json\" class=\"yoast-schema-graph\">{\"@context\":\"https:\\\/\\\/schema.org\",\"@graph\":[{\"@type\":\"WebPage\",\"@id\":\"https:\\\/\\\/ohnocouture.com\\\/about\\\/\",\"url\":\"https:\\\/\\\/ohnocouture.com\\\/about\\\/\",\"name\":\"Our Story | Ohno Couture\",\"isPartOf\":{\"@id\":\"https:\\\/\\\/ohnocouture.com\\\/#website\"},\"primaryImageOfPage\":{\"@id\":\"https:\\\/\\\/ohnocouture.com\\\/about\\\/#primaryimage\"},\"image\":{\"@id\":\"https:\\\/\\\/ohnocouture.com\\\/about\\\/#primaryimage\"},\"thumbnailUrl\":\"https:\\\/\\\/ohnocouture.com\\\/wp-content\\\/uploads\\\/2023\\\/02\\\/16765F51-A9A9-41C6-A2F1-0EF9DE2AAAD3_1_201_a-scaled-1-1.jpeg\",\"datePublished\":\"2021-08-23T02:10:02+00:00\",\"dateModified\":\"2026-04-18T16:33:53+00:00\",\"description\":\"Learn about the heart of Ohno Couture. We combine high-end fashion with sustainable practices to create timeless, one-of-a-kind pieces that you can wear with confidence.\",\"breadcrumb\":{\"@id\":\"https:\\\/\\\/ohnocouture.com\\\/about\\\/#breadcrumb\"},\"inLanguage\":\"et\",\"potentialAction\":[{\"@type\":\"ReadAction\",\"target\":[\"https:\\\/\\\/ohnocouture.com\\\/about\\\/\"]}]},{\"@type\":\"ImageObject\",\"inLanguage\":\"et\",\"@id\":\"https:\\\/\\\/ohnocouture.com\\\/about\\\/#primaryimage\",\"url\":\"https:\\\/\\\/ohnocouture.com\\\/wp-content\\\/uploads\\\/2023\\\/02\\\/16765F51-A9A9-41C6-A2F1-0EF9DE2AAAD3_1_201_a-scaled-1-1.jpeg\",\"contentUrl\":\"https:\\\/\\\/ohnocouture.com\\\/wp-content\\\/uploads\\\/2023\\\/02\\\/16765F51-A9A9-41C6-A2F1-0EF9DE2AAAD3_1_201_a-scaled-1-1.jpeg\"},{\"@type\":\"BreadcrumbList\",\"@id\":\"https:\\\/\\\/ohnocouture.com\\\/about\\\/#breadcrumb\",\"itemListElement\":[{\"@type\":\"ListItem\",\"position\":1,\"name\":\"Home\",\"item\":\"https:\\\/\\\/ohnocouture.com\\\/\"},{\"@type\":\"ListItem\",\"position\":2,\"name\":\"Our Story\"}]},{\"@type\":\"WebSite\",\"@id\":\"https:\\\/\\\/ohnocouture.com\\\/#website\",\"url\":\"https:\\\/\\\/ohnocouture.com\\\/\",\"name\":\"OhnoCouture\",\"description\":\"Effortless Elegance. Intentionally Designed.\",\"publisher\":{\"@id\":\"https:\\\/\\\/ohnocouture.com\\\/#organization\"},\"potentialAction\":[{\"@type\":\"SearchAction\",\"target\":{\"@type\":\"EntryPoint\",\"urlTemplate\":\"https:\\\/\\\/ohnocouture.com\\\/?s={search_term_string}\"},\"query-input\":{\"@type\":\"PropertyValueSpecification\",\"valueRequired\":true,\"valueName\":\"search_term_string\"}}],\"inLanguage\":\"et\"},{\"@type\":\"Organization\",\"@id\":\"https:\\\/\\\/ohnocouture.com\\\/#organization\",\"name\":\"OhnoCouture\",\"url\":\"https:\\\/\\\/ohnocouture.com\\\/\",\"logo\":{\"@type\":\"ImageObject\",\"inLanguage\":\"et\",\"@id\":\"https:\\\/\\\/ohnocouture.com\\\/#\\\/schema\\\/logo\\\/image\\\/\",\"url\":\"https:\\\/\\\/ohnocouture.com\\\/wp-content\\\/uploads\\\/2026\\\/04\\\/cropped-ohnocouture-favicon.png\",\"contentUrl\":\"https:\\\/\\\/ohnocouture.com\\\/wp-content\\\/uploads\\\/2026\\\/04\\\/cropped-ohnocouture-favicon.png\",\"width\":512,\"height\":512,\"caption\":\"OhnoCouture\"},\"image\":{\"@id\":\"https:\\\/\\\/ohnocouture.com\\\/#\\\/schema\\\/logo\\\/image\\\/\"}}]}<\/script>\n<!-- \/ Yoast SEO plugin. -->","yoast_head_json":{"title":"Our Story | Ohno Couture","description":"Learn about the heart of Ohno Couture. We combine high-end fashion with sustainable practices to create timeless, one-of-a-kind pieces that you can wear with confidence.","robots":{"index":"index","follow":"follow","max-snippet":"max-snippet:-1","max-image-preview":"max-image-preview:large","max-video-preview":"max-video-preview:-1"},"canonical":"https:\/\/ohnocouture.com\/et\/about\/","og_locale":"et_EE","og_type":"article","og_title":"Our Story | Ohno Couture","og_description":"Learn about the heart of Ohno Couture. We combine high-end fashion with sustainable practices to create timeless, one-of-a-kind pieces that you can wear with confidence.","og_url":"https:\/\/ohnocouture.com\/et\/about\/","og_site_name":"Ohno Couture","article_modified_time":"2026-04-18T16:33:53+00:00","og_image":[{"url":"https:\/\/ohnocouture.com\/wp-content\/uploads\/2023\/02\/16765F51-A9A9-41C6-A2F1-0EF9DE2AAAD3_1_201_a-scaled-1-1.jpeg","type":"","width":"","height":""}],"twitter_card":"summary_large_image","twitter_misc":{"Est. reading time":"1 minut"},"schema":{"@context":"https:\/\/schema.org","@graph":[{"@type":"WebPage","@id":"https:\/\/ohnocouture.com\/about\/","url":"https:\/\/ohnocouture.com\/about\/","name":"Our Story | Ohno Couture","isPartOf":{"@id":"https:\/\/ohnocouture.com\/#website"},"primaryImageOfPage":{"@id":"https:\/\/ohnocouture.com\/about\/#primaryimage"},"image":{"@id":"https:\/\/ohnocouture.com\/about\/#primaryimage"},"thumbnailUrl":"https:\/\/ohnocouture.com\/wp-content\/uploads\/2023\/02\/16765F51-A9A9-41C6-A2F1-0EF9DE2AAAD3_1_201_a-scaled-1-1.jpeg","datePublished":"2021-08-23T02:10:02+00:00","dateModified":"2026-04-18T16:33:53+00:00","description":"Learn about the heart of Ohno Couture. We combine high-end fashion with sustainable practices to create timeless, one-of-a-kind pieces that you can wear with confidence.","breadcrumb":{"@id":"https:\/\/ohnocouture.com\/about\/#breadcrumb"},"inLanguage":"et","potentialAction":[{"@type":"ReadAction","target":["https:\/\/ohnocouture.com\/about\/"]}]},{"@type":"ImageObject","inLanguage":"et","@id":"https:\/\/ohnocouture.com\/about\/#primaryimage","url":"https:\/\/ohnocouture.com\/wp-content\/uploads\/2023\/02\/16765F51-A9A9-41C6-A2F1-0EF9DE2AAAD3_1_201_a-scaled-1-1.jpeg","contentUrl":"https:\/\/ohnocouture.com\/wp-content\/uploads\/2023\/02\/16765F51-A9A9-41C6-A2F1-0EF9DE2AAAD3_1_201_a-scaled-1-1.jpeg"},{"@type":"BreadcrumbList","@id":"https:\/\/ohnocouture.com\/about\/#breadcrumb","itemListElement":[{"@type":"ListItem","position":1,"name":"Home","item":"https:\/\/ohnocouture.com\/"},{"@type":"ListItem","position":2,"name":"Our Story"}]},{"@type":"WebSite","@id":"https:\/\/ohnocouture.com\/#website","url":"https:\/\/ohnocouture.com\/","name":"OhnoCouture","description":"Effortless Elegance. Intentionally Designed.","publisher":{"@id":"https:\/\/ohnocouture.com\/#organization"},"potentialAction":[{"@type":"SearchAction","target":{"@type":"EntryPoint","urlTemplate":"https:\/\/ohnocouture.com\/?s={search_term_string}"},"query-input":{"@type":"PropertyValueSpecification","valueRequired":true,"valueName":"search_term_string"}}],"inLanguage":"et"},{"@type":"Organization","@id":"https:\/\/ohnocouture.com\/#organization","name":"OhnoCouture","url":"https:\/\/ohnocouture.com\/","logo":{"@type":"ImageObject","inLanguage":"et","@id":"https:\/\/ohnocouture.com\/#\/schema\/logo\/image\/","url":"https:\/\/ohnocouture.com\/wp-content\/uploads\/2026\/04\/cropped-ohnocouture-favicon.png","contentUrl":"https:\/\/ohnocouture.com\/wp-content\/uploads\/2026\/04\/cropped-ohnocouture-favicon.png","width":512,"height":512,"caption":"OhnoCouture"},"image":{"@id":"https:\/\/ohnocouture.com\/#\/schema\/logo\/image\/"}}]}},"jetpack_sharing_enabled":true,"_links":{"self":[{"href":"https:\/\/ohnocouture.com\/et\/wp-json\/wp\/v2\/pages\/381","targetHints":{"allow":["GET"]}}],"collection":[{"href":"https:\/\/ohnocouture.com\/et\/wp-json\/wp\/v2\/pages"}],"about":[{"href":"https:\/\/ohnocouture.com\/et\/wp-json\/wp\/v2\/types\/page"}],"author":[{"embeddable":true,"href":"https:\/\/ohnocouture.com\/et\/wp-json\/wp\/v2\/users\/1"}],"replies":[{"embeddable":true,"href":"https:\/\/ohnocouture.com\/et\/wp-json\/wp\/v2\/comments?post=381"}],"version-history":[{"count":13,"href":"https:\/\/ohnocouture.com\/et\/wp-json\/wp\/v2\/pages\/381\/revisions"}],"predecessor-version":[{"id":3000,"href":"https:\/\/ohnocouture.com\/et\/wp-json\/wp\/v2\/pages\/381\/revisions\/3000"}],"wp:attachment":[{"href":"https:\/\/ohnocouture.com\/et\/wp-json\/wp\/v2\/media?parent=381"}],"curies":[{"name":"wp","href":"https:\/\/api.w.org\/{rel}","templated":true}]}}