{"id":2222,"date":"2022-07-28T14:10:27","date_gmt":"2022-07-28T11:10:27","guid":{"rendered":"https:\/\/ohnocouture.com\/?post_type=product&#038;p=2222"},"modified":"2023-05-26T10:59:38","modified_gmt":"2023-05-26T07:59:38","slug":"overshirt-night-desert","status":"publish","type":"product","link":"https:\/\/ohnocouture.com\/et\/shop\/overshirt-night-desert\/","title":{"rendered":"S\u00e4rk-jakk Desert Night"},"content":{"rendered":"<div class=\"product-description\">See s\u00e4rk-jakk on valmistatud eriti pehmest mustrilisest satiinist. S\u00e4rgil on kergelt pikendatud ja oversized l\u00f5ige. Komplekti kuulub ka v\u00f6\u00f6.<\/div>\n<div class=\"product-details baseline-small\">\n<div>\n<ul>\n<li>Color: print<\/li>\n<li>Long sleeves<\/li>\n<li>Flared leg<\/li>\n<li>Belt loops<\/li>\n<li>Outer fabric: Polyester satin<\/li>\n<li>Cool iron<\/li>\n<li>Do not bleach<\/li>\n<li>Do not tumble dry<\/li>\n<li>Wash in cold water<\/li>\n<\/ul>\n<\/div>\n<p>&nbsp;<\/p>\n<\/div>","protected":false},"excerpt":{"rendered":"<div class=\"product-description\">See s\u00e4rk-jakk on valmistatud eriti pehmest mustrilisest satiinist. S\u00e4rgil on kergelt pikendatud ja oversized l\u00f5ige. Komplekti kuulub ka v\u00f6\u00f6.<\/div>\n<div class=\"product-details baseline-small\">\n<div>\n<ul>\n<li>Color: print<\/li>\n<li>Long sleeves<\/li>\n<li>Flared leg<\/li>\n<li>Belt loops<\/li>\n<li>Outer fabric: Polyester satin<\/li>\n<li>Cool iron<\/li>\n<li>Do not bleach<\/li>\n<li>Do not tumble dry<\/li>\n<li>Wash in cold water<\/li>\n<\/ul>\n<\/div>\n<\/div>","protected":false},"featured_media":2490,"template":"","meta":{"site-sidebar-layout":"default","site-content-layout":"default","ast-site-content-layout":"","site-content-style":"default","site-sidebar-style":"default","ast-global-header-display":"","ast-banner-title-visibility":"","ast-main-header-display":"","ast-hfb-above-header-display":"","ast-hfb-below-header-display":"","ast-hfb-mobile-header-display":"","site-post-title":"","ast-breadcrumbs-content":"","ast-featured-img":"","footer-sml-layout":"","theme-transparent-header-meta":"default","adv-header-id-meta":"","stick-header-meta":"","header-above-stick-meta":"","header-main-stick-meta":"","header-below-stick-meta":"","astra-migrate-meta-layouts":"default","ast-page-background-enabled":"default","ast-page-background-meta":{"desktop":{"background-color":"var(--ast-global-color-4)","background-image":"","background-repeat":"repeat","background-position":"center center","background-size":"auto","background-attachment":"scroll","background-type":"","background-media":"","overlay-type":"","overlay-color":"","overlay-gradient":""},"tablet":{"background-color":"","background-image":"","background-repeat":"repeat","background-position":"center center","background-size":"auto","background-attachment":"scroll","background-type":"","background-media":"","overlay-type":"","overlay-color":"","overlay-gradient":""},"mobile":{"background-color":"","background-image":"","background-repeat":"repeat","background-position":"center center","background-size":"auto","background-attachment":"scroll","background-type":"","background-media":"","overlay-type":"","overlay-color":"","overlay-gradient":""}},"ast-content-background-meta":{"desktop":{"background-color":"var(--ast-global-color-5)","background-image":"","background-repeat":"repeat","background-position":"center center","background-size":"auto","background-attachment":"scroll","background-type":"","background-media":"","overlay-type":"","overlay-color":"","overlay-gradient":""},"tablet":{"background-color":"var(--ast-global-color-5)","background-image":"","background-repeat":"repeat","background-position":"center center","background-size":"auto","background-attachment":"scroll","background-type":"","background-media":"","overlay-type":"","overlay-color":"","overlay-gradient":""},"mobile":{"background-color":"var(--ast-global-color-5)","background-image":"","background-repeat":"repeat","background-position":"center center","background-size":"auto","background-attachment":"scroll","background-type":"","background-media":"","overlay-type":"","overlay-color":"","overlay-gradient":""}}},"product_brand":[],"product_cat":[121],"product_tag":[],"class_list":{"0":"post-2222","1":"product","2":"type-product","3":"status-publish","4":"has-post-thumbnail","6":"product_cat-blouses","7":"desktop-align-left","8":"tablet-align-left","9":"mobile-align-left","11":"first","12":"instock","13":"shipping-taxable","14":"purchasable","15":"product-type-variable"},"yoast_head":"<!-- This site is optimized with the Yoast SEO plugin v27.4 - https:\/\/yoast.com\/product\/yoast-seo-wordpress\/ -->\n<title>Overshirt Desert Night | Ohno Couture<\/title>\n<meta name=\"robots\" content=\"index, follow, max-snippet:-1, max-image-preview:large, max-video-preview:-1\" \/>\n<link rel=\"canonical\" href=\"https:\/\/ohnocouture.com\/et\/shop\/overshirt-night-desert\/\" \/>\n<meta property=\"og:locale\" content=\"et_EE\" \/>\n<meta property=\"og:type\" content=\"article\" \/>\n<meta property=\"og:title\" content=\"Overshirt Desert Night\" \/>\n<meta property=\"og:description\" content=\"This overshirt is crafted from really soft satin print, the shirt has a slightly long and oversized design. Comes with the belt.\" \/>\n<meta property=\"og:url\" content=\"https:\/\/ohnocouture.com\/et\/shop\/overshirt-night-desert\/\" \/>\n<meta property=\"og:site_name\" content=\"Ohno Couture\" \/>\n<meta property=\"article:modified_time\" content=\"2023-05-26T07:59:38+00:00\" \/>\n<meta property=\"og:image\" content=\"https:\/\/ohnocouture.com\/wp-content\/uploads\/2022\/07\/fotograafMariRostfeldt-230426-12.jpg\" \/>\n\t<meta property=\"og:image:width\" content=\"1449\" \/>\n\t<meta property=\"og:image:height\" content=\"2174\" \/>\n\t<meta property=\"og:image:type\" content=\"image\/jpeg\" \/>\n<meta name=\"twitter:card\" content=\"summary_large_image\" \/>\n<script type=\"application\/ld+json\" class=\"yoast-schema-graph\">{\"@context\":\"https:\\\/\\\/schema.org\",\"@graph\":[{\"@type\":\"WebPage\",\"@id\":\"https:\\\/\\\/ohnocouture.com\\\/shop\\\/overshirt-night-desert\\\/\",\"url\":\"https:\\\/\\\/ohnocouture.com\\\/shop\\\/overshirt-night-desert\\\/\",\"name\":\"Overshirt Desert Night | Ohno Couture\",\"isPartOf\":{\"@id\":\"https:\\\/\\\/ohnocouture.com\\\/#website\"},\"primaryImageOfPage\":{\"@id\":\"https:\\\/\\\/ohnocouture.com\\\/shop\\\/overshirt-night-desert\\\/#primaryimage\"},\"image\":{\"@id\":\"https:\\\/\\\/ohnocouture.com\\\/shop\\\/overshirt-night-desert\\\/#primaryimage\"},\"thumbnailUrl\":\"https:\\\/\\\/ohnocouture.com\\\/wp-content\\\/uploads\\\/2022\\\/07\\\/fotograafMariRostfeldt-230426-7-scaled.jpg\",\"datePublished\":\"2022-07-28T11:10:27+00:00\",\"dateModified\":\"2023-05-26T07:59:38+00:00\",\"breadcrumb\":{\"@id\":\"https:\\\/\\\/ohnocouture.com\\\/shop\\\/overshirt-night-desert\\\/#breadcrumb\"},\"inLanguage\":\"et\",\"potentialAction\":[{\"@type\":\"ReadAction\",\"target\":[\"https:\\\/\\\/ohnocouture.com\\\/shop\\\/overshirt-night-desert\\\/\"]}]},{\"@type\":\"ImageObject\",\"inLanguage\":\"et\",\"@id\":\"https:\\\/\\\/ohnocouture.com\\\/shop\\\/overshirt-night-desert\\\/#primaryimage\",\"url\":\"https:\\\/\\\/ohnocouture.com\\\/wp-content\\\/uploads\\\/2022\\\/07\\\/fotograafMariRostfeldt-230426-7-scaled.jpg\",\"contentUrl\":\"https:\\\/\\\/ohnocouture.com\\\/wp-content\\\/uploads\\\/2022\\\/07\\\/fotograafMariRostfeldt-230426-7-scaled.jpg\",\"width\":1707,\"height\":2560},{\"@type\":\"BreadcrumbList\",\"@id\":\"https:\\\/\\\/ohnocouture.com\\\/shop\\\/overshirt-night-desert\\\/#breadcrumb\",\"itemListElement\":[{\"@type\":\"ListItem\",\"position\":1,\"name\":\"Home\",\"item\":\"https:\\\/\\\/ohnocouture.com\\\/\"},{\"@type\":\"ListItem\",\"position\":2,\"name\":\"Shop Sustainable Designer Clothing\",\"item\":\"https:\\\/\\\/ohnocouture.com\\\/shop\\\/\"},{\"@type\":\"ListItem\",\"position\":3,\"name\":\"Overshirt Desert Night\"}]},{\"@type\":\"WebSite\",\"@id\":\"https:\\\/\\\/ohnocouture.com\\\/#website\",\"url\":\"https:\\\/\\\/ohnocouture.com\\\/\",\"name\":\"OhnoCouture\",\"description\":\"Effortless Elegance. Intentionally Designed.\",\"publisher\":{\"@id\":\"https:\\\/\\\/ohnocouture.com\\\/#organization\"},\"potentialAction\":[{\"@type\":\"SearchAction\",\"target\":{\"@type\":\"EntryPoint\",\"urlTemplate\":\"https:\\\/\\\/ohnocouture.com\\\/?s={search_term_string}\"},\"query-input\":{\"@type\":\"PropertyValueSpecification\",\"valueRequired\":true,\"valueName\":\"search_term_string\"}}],\"inLanguage\":\"et\"},{\"@type\":\"Organization\",\"@id\":\"https:\\\/\\\/ohnocouture.com\\\/#organization\",\"name\":\"OhnoCouture\",\"url\":\"https:\\\/\\\/ohnocouture.com\\\/\",\"logo\":{\"@type\":\"ImageObject\",\"inLanguage\":\"et\",\"@id\":\"https:\\\/\\\/ohnocouture.com\\\/#\\\/schema\\\/logo\\\/image\\\/\",\"url\":\"https:\\\/\\\/ohnocouture.com\\\/wp-content\\\/uploads\\\/2026\\\/04\\\/cropped-ohnocouture-favicon.png\",\"contentUrl\":\"https:\\\/\\\/ohnocouture.com\\\/wp-content\\\/uploads\\\/2026\\\/04\\\/cropped-ohnocouture-favicon.png\",\"width\":512,\"height\":512,\"caption\":\"OhnoCouture\"},\"image\":{\"@id\":\"https:\\\/\\\/ohnocouture.com\\\/#\\\/schema\\\/logo\\\/image\\\/\"}}]}<\/script>\n<!-- \/ Yoast SEO plugin. -->","yoast_head_json":{"title":"Overshirt Desert Night | Ohno Couture","robots":{"index":"index","follow":"follow","max-snippet":"max-snippet:-1","max-image-preview":"max-image-preview:large","max-video-preview":"max-video-preview:-1"},"canonical":"https:\/\/ohnocouture.com\/et\/shop\/overshirt-night-desert\/","og_locale":"et_EE","og_type":"article","og_title":"Overshirt Desert Night","og_description":"This overshirt is crafted from really soft satin print, the shirt has a slightly long and oversized design. Comes with the belt.","og_url":"https:\/\/ohnocouture.com\/et\/shop\/overshirt-night-desert\/","og_site_name":"Ohno Couture","article_modified_time":"2023-05-26T07:59:38+00:00","og_image":[{"width":1449,"height":2174,"url":"https:\/\/ohnocouture.com\/wp-content\/uploads\/2022\/07\/fotograafMariRostfeldt-230426-12.jpg","type":"image\/jpeg"}],"twitter_card":"summary_large_image","schema":{"@context":"https:\/\/schema.org","@graph":[{"@type":"WebPage","@id":"https:\/\/ohnocouture.com\/shop\/overshirt-night-desert\/","url":"https:\/\/ohnocouture.com\/shop\/overshirt-night-desert\/","name":"Overshirt Desert Night | Ohno Couture","isPartOf":{"@id":"https:\/\/ohnocouture.com\/#website"},"primaryImageOfPage":{"@id":"https:\/\/ohnocouture.com\/shop\/overshirt-night-desert\/#primaryimage"},"image":{"@id":"https:\/\/ohnocouture.com\/shop\/overshirt-night-desert\/#primaryimage"},"thumbnailUrl":"https:\/\/ohnocouture.com\/wp-content\/uploads\/2022\/07\/fotograafMariRostfeldt-230426-7-scaled.jpg","datePublished":"2022-07-28T11:10:27+00:00","dateModified":"2023-05-26T07:59:38+00:00","breadcrumb":{"@id":"https:\/\/ohnocouture.com\/shop\/overshirt-night-desert\/#breadcrumb"},"inLanguage":"et","potentialAction":[{"@type":"ReadAction","target":["https:\/\/ohnocouture.com\/shop\/overshirt-night-desert\/"]}]},{"@type":"ImageObject","inLanguage":"et","@id":"https:\/\/ohnocouture.com\/shop\/overshirt-night-desert\/#primaryimage","url":"https:\/\/ohnocouture.com\/wp-content\/uploads\/2022\/07\/fotograafMariRostfeldt-230426-7-scaled.jpg","contentUrl":"https:\/\/ohnocouture.com\/wp-content\/uploads\/2022\/07\/fotograafMariRostfeldt-230426-7-scaled.jpg","width":1707,"height":2560},{"@type":"BreadcrumbList","@id":"https:\/\/ohnocouture.com\/shop\/overshirt-night-desert\/#breadcrumb","itemListElement":[{"@type":"ListItem","position":1,"name":"Home","item":"https:\/\/ohnocouture.com\/"},{"@type":"ListItem","position":2,"name":"Shop Sustainable Designer Clothing","item":"https:\/\/ohnocouture.com\/shop\/"},{"@type":"ListItem","position":3,"name":"Overshirt Desert Night"}]},{"@type":"WebSite","@id":"https:\/\/ohnocouture.com\/#website","url":"https:\/\/ohnocouture.com\/","name":"OhnoCouture","description":"Effortless Elegance. Intentionally Designed.","publisher":{"@id":"https:\/\/ohnocouture.com\/#organization"},"potentialAction":[{"@type":"SearchAction","target":{"@type":"EntryPoint","urlTemplate":"https:\/\/ohnocouture.com\/?s={search_term_string}"},"query-input":{"@type":"PropertyValueSpecification","valueRequired":true,"valueName":"search_term_string"}}],"inLanguage":"et"},{"@type":"Organization","@id":"https:\/\/ohnocouture.com\/#organization","name":"OhnoCouture","url":"https:\/\/ohnocouture.com\/","logo":{"@type":"ImageObject","inLanguage":"et","@id":"https:\/\/ohnocouture.com\/#\/schema\/logo\/image\/","url":"https:\/\/ohnocouture.com\/wp-content\/uploads\/2026\/04\/cropped-ohnocouture-favicon.png","contentUrl":"https:\/\/ohnocouture.com\/wp-content\/uploads\/2026\/04\/cropped-ohnocouture-favicon.png","width":512,"height":512,"caption":"OhnoCouture"},"image":{"@id":"https:\/\/ohnocouture.com\/#\/schema\/logo\/image\/"}}]}},"jetpack_sharing_enabled":true,"_links":{"self":[{"href":"https:\/\/ohnocouture.com\/et\/wp-json\/wp\/v2\/product\/2222","targetHints":{"allow":["GET"]}}],"collection":[{"href":"https:\/\/ohnocouture.com\/et\/wp-json\/wp\/v2\/product"}],"about":[{"href":"https:\/\/ohnocouture.com\/et\/wp-json\/wp\/v2\/types\/product"}],"wp:featuredmedia":[{"embeddable":true,"href":"https:\/\/ohnocouture.com\/et\/wp-json\/wp\/v2\/media\/2490"}],"wp:attachment":[{"href":"https:\/\/ohnocouture.com\/et\/wp-json\/wp\/v2\/media?parent=2222"}],"wp:term":[{"taxonomy":"product_brand","embeddable":true,"href":"https:\/\/ohnocouture.com\/et\/wp-json\/wp\/v2\/product_brand?post=2222"},{"taxonomy":"product_cat","embeddable":true,"href":"https:\/\/ohnocouture.com\/et\/wp-json\/wp\/v2\/product_cat?post=2222"},{"taxonomy":"product_tag","embeddable":true,"href":"https:\/\/ohnocouture.com\/et\/wp-json\/wp\/v2\/product_tag?post=2222"}],"curies":[{"name":"wp","href":"https:\/\/api.w.org\/{rel}","templated":true}]}}