{"id":2442,"date":"2023-02-01T22:09:24","date_gmt":"2023-02-01T19:09:24","guid":{"rendered":"https:\/\/ohnocouture.com\/?post_type=product&#038;p=2442"},"modified":"2023-12-30T15:03:48","modified_gmt":"2023-12-30T12:03:48","slug":"t-shirt-no-logo","status":"publish","type":"product","link":"https:\/\/ohnocouture.com\/et\/shop\/t-shirt-no-logo\/","title":{"rendered":"T-s\u00e4rk ilma logota"},"content":{"rendered":"<p class=\"has-small-font-size\">Ilma logota T-s\u00e4rk on iga garderoobi v\u00e4ltimatu p\u00f5hiese.<br \/>\nS\u00e4rgil on vaba oversized l\u00f5ige ja langetatud \u00f5lajoon, mis m\u00f5jub seljas luksuslikult ja loob visuaalselt saledama silueti.<\/p>\n<ul>\n<li>100% organic cotton<\/li>\n<li>Oversized, over hip length t-shirt<\/li>\n<li>Hand wash or delicate machine wash inside out cold, no more than 30\u02da<\/li>\n<li>Do not tumble dry or dry clean<\/li>\n<li>One size<\/li>\n<\/ul>","protected":false},"excerpt":{"rendered":"<p>See EI OLE lihtsalt t-s\u00e4rk. Meie eksklusiivsed s\u00e4rgid on loodud igale naisele \u2013 need on eriti pehmed ning kantavad nii v\u00f6\u00f6ga kui ilma, sobitudes ideaalselt nii sportliku kui ka piduliku stiiliga. Vaba oversized l\u00f5ige ja langetatud \u00f5lajoon on disainitud nii, et need loovad visuaalselt sihvakama ja saledama silueti.<\/p>\n<p>&nbsp;<\/p>","protected":false},"featured_media":2161,"template":"","meta":{"site-sidebar-layout":"default","site-content-layout":"default","ast-site-content-layout":"default","site-content-style":"default","site-sidebar-style":"default","ast-global-header-display":"","ast-banner-title-visibility":"","ast-main-header-display":"","ast-hfb-above-header-display":"","ast-hfb-below-header-display":"","ast-hfb-mobile-header-display":"","site-post-title":"","ast-breadcrumbs-content":"","ast-featured-img":"","footer-sml-layout":"","theme-transparent-header-meta":"default","adv-header-id-meta":"","stick-header-meta":"","header-above-stick-meta":"","header-main-stick-meta":"","header-below-stick-meta":"","astra-migrate-meta-layouts":"set","ast-page-background-enabled":"default","ast-page-background-meta":{"desktop":{"background-color":"var(--ast-global-color-4)","background-image":"","background-repeat":"repeat","background-position":"center center","background-size":"auto","background-attachment":"scroll","background-type":"","background-media":"","overlay-type":"","overlay-color":"","overlay-gradient":""},"tablet":{"background-color":"","background-image":"","background-repeat":"repeat","background-position":"center center","background-size":"auto","background-attachment":"scroll","background-type":"","background-media":"","overlay-type":"","overlay-color":"","overlay-gradient":""},"mobile":{"background-color":"","background-image":"","background-repeat":"repeat","background-position":"center center","background-size":"auto","background-attachment":"scroll","background-type":"","background-media":"","overlay-type":"","overlay-color":"","overlay-gradient":""}},"ast-content-background-meta":{"desktop":{"background-color":"var(--ast-global-color-5)","background-image":"","background-repeat":"repeat","background-position":"center center","background-size":"auto","background-attachment":"scroll","background-type":"","background-media":"","overlay-type":"","overlay-color":"","overlay-gradient":""},"tablet":{"background-color":"var(--ast-global-color-5)","background-image":"","background-repeat":"repeat","background-position":"center center","background-size":"auto","background-attachment":"scroll","background-type":"","background-media":"","overlay-type":"","overlay-color":"","overlay-gradient":""},"mobile":{"background-color":"var(--ast-global-color-5)","background-image":"","background-repeat":"repeat","background-position":"center center","background-size":"auto","background-attachment":"scroll","background-type":"","background-media":"","overlay-type":"","overlay-color":"","overlay-gradient":""}}},"product_brand":[],"product_cat":[52],"product_tag":[],"class_list":{"0":"post-2442","1":"product","2":"type-product","3":"status-publish","4":"has-post-thumbnail","6":"product_cat-tshirt","7":"desktop-align-left","8":"tablet-align-left","9":"mobile-align-left","11":"first","12":"instock","13":"shipping-taxable","14":"purchasable","15":"product-type-variable"},"yoast_head":"<!-- This site is optimized with the Yoast SEO plugin v27.4 - https:\/\/yoast.com\/product\/yoast-seo-wordpress\/ -->\n<title>T-shirt No Logo | Ohno Couture<\/title>\n<meta name=\"robots\" content=\"index, follow, max-snippet:-1, max-image-preview:large, max-video-preview:-1\" \/>\n<link rel=\"canonical\" href=\"https:\/\/ohnocouture.com\/et\/shop\/t-shirt-no-logo\/\" \/>\n<meta property=\"og:locale\" content=\"et_EE\" \/>\n<meta property=\"og:type\" content=\"article\" \/>\n<meta property=\"og:title\" content=\"T-shirt No Logo | Ohno Couture\" \/>\n<meta property=\"og:description\" content=\"It\u2019s NOT just a t-shirt. Our premium tees are designed for all women. They\u2019re super soft and can be worn with or without a belt with both sporty and festive clothing.\u00a0It has a relaxed oversized fit and extended shoulder line to make you look thinner.  &nbsp;\" \/>\n<meta property=\"og:url\" content=\"https:\/\/ohnocouture.com\/et\/shop\/t-shirt-no-logo\/\" \/>\n<meta property=\"og:site_name\" content=\"Ohno Couture\" \/>\n<meta property=\"article:modified_time\" content=\"2023-12-30T12:03:48+00:00\" \/>\n<meta property=\"og:image\" content=\"https:\/\/ohnocouture.com\/wp-content\/uploads\/2022\/06\/fotograafMariRostfeldt_220610-01-1-scaled.jpg\" \/>\n\t<meta property=\"og:image:width\" content=\"1707\" \/>\n\t<meta property=\"og:image:height\" content=\"2560\" \/>\n\t<meta property=\"og:image:type\" content=\"image\/jpeg\" \/>\n<meta name=\"twitter:card\" content=\"summary_large_image\" \/>\n<script type=\"application\/ld+json\" class=\"yoast-schema-graph\">{\"@context\":\"https:\\\/\\\/schema.org\",\"@graph\":[{\"@type\":\"WebPage\",\"@id\":\"https:\\\/\\\/ohnocouture.com\\\/shop\\\/t-shirt-no-logo\\\/\",\"url\":\"https:\\\/\\\/ohnocouture.com\\\/shop\\\/t-shirt-no-logo\\\/\",\"name\":\"T-shirt No Logo | Ohno Couture\",\"isPartOf\":{\"@id\":\"https:\\\/\\\/ohnocouture.com\\\/#website\"},\"primaryImageOfPage\":{\"@id\":\"https:\\\/\\\/ohnocouture.com\\\/shop\\\/t-shirt-no-logo\\\/#primaryimage\"},\"image\":{\"@id\":\"https:\\\/\\\/ohnocouture.com\\\/shop\\\/t-shirt-no-logo\\\/#primaryimage\"},\"thumbnailUrl\":\"https:\\\/\\\/ohnocouture.com\\\/wp-content\\\/uploads\\\/2022\\\/06\\\/fotograafMariRostfeldt_220610-01-1-scaled.jpg\",\"datePublished\":\"2023-02-01T19:09:24+00:00\",\"dateModified\":\"2023-12-30T12:03:48+00:00\",\"breadcrumb\":{\"@id\":\"https:\\\/\\\/ohnocouture.com\\\/shop\\\/t-shirt-no-logo\\\/#breadcrumb\"},\"inLanguage\":\"et\",\"potentialAction\":[{\"@type\":\"ReadAction\",\"target\":[\"https:\\\/\\\/ohnocouture.com\\\/shop\\\/t-shirt-no-logo\\\/\"]}]},{\"@type\":\"ImageObject\",\"inLanguage\":\"et\",\"@id\":\"https:\\\/\\\/ohnocouture.com\\\/shop\\\/t-shirt-no-logo\\\/#primaryimage\",\"url\":\"https:\\\/\\\/ohnocouture.com\\\/wp-content\\\/uploads\\\/2022\\\/06\\\/fotograafMariRostfeldt_220610-01-1-scaled.jpg\",\"contentUrl\":\"https:\\\/\\\/ohnocouture.com\\\/wp-content\\\/uploads\\\/2022\\\/06\\\/fotograafMariRostfeldt_220610-01-1-scaled.jpg\",\"width\":1707,\"height\":2560},{\"@type\":\"BreadcrumbList\",\"@id\":\"https:\\\/\\\/ohnocouture.com\\\/shop\\\/t-shirt-no-logo\\\/#breadcrumb\",\"itemListElement\":[{\"@type\":\"ListItem\",\"position\":1,\"name\":\"Home\",\"item\":\"https:\\\/\\\/ohnocouture.com\\\/\"},{\"@type\":\"ListItem\",\"position\":2,\"name\":\"Shop Sustainable Designer Clothing\",\"item\":\"https:\\\/\\\/ohnocouture.com\\\/shop\\\/\"},{\"@type\":\"ListItem\",\"position\":3,\"name\":\"T-shirt No Logo\"}]},{\"@type\":\"WebSite\",\"@id\":\"https:\\\/\\\/ohnocouture.com\\\/#website\",\"url\":\"https:\\\/\\\/ohnocouture.com\\\/\",\"name\":\"OhnoCouture\",\"description\":\"Effortless Elegance. Intentionally Designed.\",\"publisher\":{\"@id\":\"https:\\\/\\\/ohnocouture.com\\\/#organization\"},\"potentialAction\":[{\"@type\":\"SearchAction\",\"target\":{\"@type\":\"EntryPoint\",\"urlTemplate\":\"https:\\\/\\\/ohnocouture.com\\\/?s={search_term_string}\"},\"query-input\":{\"@type\":\"PropertyValueSpecification\",\"valueRequired\":true,\"valueName\":\"search_term_string\"}}],\"inLanguage\":\"et\"},{\"@type\":\"Organization\",\"@id\":\"https:\\\/\\\/ohnocouture.com\\\/#organization\",\"name\":\"OhnoCouture\",\"url\":\"https:\\\/\\\/ohnocouture.com\\\/\",\"logo\":{\"@type\":\"ImageObject\",\"inLanguage\":\"et\",\"@id\":\"https:\\\/\\\/ohnocouture.com\\\/#\\\/schema\\\/logo\\\/image\\\/\",\"url\":\"https:\\\/\\\/ohnocouture.com\\\/wp-content\\\/uploads\\\/2026\\\/04\\\/cropped-ohnocouture-favicon.png\",\"contentUrl\":\"https:\\\/\\\/ohnocouture.com\\\/wp-content\\\/uploads\\\/2026\\\/04\\\/cropped-ohnocouture-favicon.png\",\"width\":512,\"height\":512,\"caption\":\"OhnoCouture\"},\"image\":{\"@id\":\"https:\\\/\\\/ohnocouture.com\\\/#\\\/schema\\\/logo\\\/image\\\/\"}}]}<\/script>\n<!-- \/ Yoast SEO plugin. -->","yoast_head_json":{"title":"T-shirt No Logo | Ohno Couture","robots":{"index":"index","follow":"follow","max-snippet":"max-snippet:-1","max-image-preview":"max-image-preview:large","max-video-preview":"max-video-preview:-1"},"canonical":"https:\/\/ohnocouture.com\/et\/shop\/t-shirt-no-logo\/","og_locale":"et_EE","og_type":"article","og_title":"T-shirt No Logo | Ohno Couture","og_description":"It\u2019s NOT just a t-shirt. Our premium tees are designed for all women. They\u2019re super soft and can be worn with or without a belt with both sporty and festive clothing.\u00a0It has a relaxed oversized fit and extended shoulder line to make you look thinner.  &nbsp;","og_url":"https:\/\/ohnocouture.com\/et\/shop\/t-shirt-no-logo\/","og_site_name":"Ohno Couture","article_modified_time":"2023-12-30T12:03:48+00:00","og_image":[{"width":1707,"height":2560,"url":"https:\/\/ohnocouture.com\/wp-content\/uploads\/2022\/06\/fotograafMariRostfeldt_220610-01-1-scaled.jpg","type":"image\/jpeg"}],"twitter_card":"summary_large_image","schema":{"@context":"https:\/\/schema.org","@graph":[{"@type":"WebPage","@id":"https:\/\/ohnocouture.com\/shop\/t-shirt-no-logo\/","url":"https:\/\/ohnocouture.com\/shop\/t-shirt-no-logo\/","name":"T-shirt No Logo | Ohno Couture","isPartOf":{"@id":"https:\/\/ohnocouture.com\/#website"},"primaryImageOfPage":{"@id":"https:\/\/ohnocouture.com\/shop\/t-shirt-no-logo\/#primaryimage"},"image":{"@id":"https:\/\/ohnocouture.com\/shop\/t-shirt-no-logo\/#primaryimage"},"thumbnailUrl":"https:\/\/ohnocouture.com\/wp-content\/uploads\/2022\/06\/fotograafMariRostfeldt_220610-01-1-scaled.jpg","datePublished":"2023-02-01T19:09:24+00:00","dateModified":"2023-12-30T12:03:48+00:00","breadcrumb":{"@id":"https:\/\/ohnocouture.com\/shop\/t-shirt-no-logo\/#breadcrumb"},"inLanguage":"et","potentialAction":[{"@type":"ReadAction","target":["https:\/\/ohnocouture.com\/shop\/t-shirt-no-logo\/"]}]},{"@type":"ImageObject","inLanguage":"et","@id":"https:\/\/ohnocouture.com\/shop\/t-shirt-no-logo\/#primaryimage","url":"https:\/\/ohnocouture.com\/wp-content\/uploads\/2022\/06\/fotograafMariRostfeldt_220610-01-1-scaled.jpg","contentUrl":"https:\/\/ohnocouture.com\/wp-content\/uploads\/2022\/06\/fotograafMariRostfeldt_220610-01-1-scaled.jpg","width":1707,"height":2560},{"@type":"BreadcrumbList","@id":"https:\/\/ohnocouture.com\/shop\/t-shirt-no-logo\/#breadcrumb","itemListElement":[{"@type":"ListItem","position":1,"name":"Home","item":"https:\/\/ohnocouture.com\/"},{"@type":"ListItem","position":2,"name":"Shop Sustainable Designer Clothing","item":"https:\/\/ohnocouture.com\/shop\/"},{"@type":"ListItem","position":3,"name":"T-shirt No Logo"}]},{"@type":"WebSite","@id":"https:\/\/ohnocouture.com\/#website","url":"https:\/\/ohnocouture.com\/","name":"OhnoCouture","description":"Effortless Elegance. Intentionally Designed.","publisher":{"@id":"https:\/\/ohnocouture.com\/#organization"},"potentialAction":[{"@type":"SearchAction","target":{"@type":"EntryPoint","urlTemplate":"https:\/\/ohnocouture.com\/?s={search_term_string}"},"query-input":{"@type":"PropertyValueSpecification","valueRequired":true,"valueName":"search_term_string"}}],"inLanguage":"et"},{"@type":"Organization","@id":"https:\/\/ohnocouture.com\/#organization","name":"OhnoCouture","url":"https:\/\/ohnocouture.com\/","logo":{"@type":"ImageObject","inLanguage":"et","@id":"https:\/\/ohnocouture.com\/#\/schema\/logo\/image\/","url":"https:\/\/ohnocouture.com\/wp-content\/uploads\/2026\/04\/cropped-ohnocouture-favicon.png","contentUrl":"https:\/\/ohnocouture.com\/wp-content\/uploads\/2026\/04\/cropped-ohnocouture-favicon.png","width":512,"height":512,"caption":"OhnoCouture"},"image":{"@id":"https:\/\/ohnocouture.com\/#\/schema\/logo\/image\/"}}]}},"jetpack_sharing_enabled":true,"_links":{"self":[{"href":"https:\/\/ohnocouture.com\/et\/wp-json\/wp\/v2\/product\/2442","targetHints":{"allow":["GET"]}}],"collection":[{"href":"https:\/\/ohnocouture.com\/et\/wp-json\/wp\/v2\/product"}],"about":[{"href":"https:\/\/ohnocouture.com\/et\/wp-json\/wp\/v2\/types\/product"}],"wp:featuredmedia":[{"embeddable":true,"href":"https:\/\/ohnocouture.com\/et\/wp-json\/wp\/v2\/media\/2161"}],"wp:attachment":[{"href":"https:\/\/ohnocouture.com\/et\/wp-json\/wp\/v2\/media?parent=2442"}],"wp:term":[{"taxonomy":"product_brand","embeddable":true,"href":"https:\/\/ohnocouture.com\/et\/wp-json\/wp\/v2\/product_brand?post=2442"},{"taxonomy":"product_cat","embeddable":true,"href":"https:\/\/ohnocouture.com\/et\/wp-json\/wp\/v2\/product_cat?post=2442"},{"taxonomy":"product_tag","embeddable":true,"href":"https:\/\/ohnocouture.com\/et\/wp-json\/wp\/v2\/product_tag?post=2442"}],"curies":[{"name":"wp","href":"https:\/\/api.w.org\/{rel}","templated":true}]}}