{"id":2793,"date":"2026-04-14T18:04:29","date_gmt":"2026-04-14T15:04:29","guid":{"rendered":"https:\/\/ohnocouture.com\/?post_type=product&#038;p=2793"},"modified":"2026-04-14T18:16:44","modified_gmt":"2026-04-14T15:16:44","slug":"layered-tulle-mini-skirt","status":"publish","type":"product","link":"https:\/\/ohnocouture.com\/et\/shop\/layered-tulle-mini-skirt\/","title":{"rendered":"T\u00fcllseelik kihiline miniseelik"},"content":{"rendered":"<p data-start=\"99\" data-end=\"246\">Stiilne ja naiselik miniseelik pehmest, kihilisest t\u00fcllist. Kerge, \u00f5huline kangas loob kauni vol\u00fc\u00fcmi, j\u00e4\u00e4des samal ajal mugavaks kandmiseks.<\/p>\n<p data-start=\"248\" data-end=\"478\">K\u00f5rge v\u00f6\u00f6koht r\u00f5hutab teie figuuri ning elastne v\u00f6\u00f6osa teeb selle kandmise mugavaks kogu p\u00e4evaks. Lisamugavuse ja katvuse tagamiseks on sellel ka sisemine vooder. Klassikaline must v\u00e4rv sobib suurep\u00e4raselt nii vabaaja- kui ka pidulikumate riietuste juurde.<\/p>\n<p data-start=\"480\" data-end=\"580\">Kanna seda lihtsa t-s\u00e4rgiga igap\u00e4evaseks look'iks v\u00f5i kombineeri see kontsakingadega elegantsema v\u00e4limuse saavutamiseks.<\/p>\n<p data-start=\"582\" data-end=\"594\"><strong data-start=\"582\" data-end=\"594\">\u00dcksikasjad:<\/strong><\/p>\n<ul data-start=\"595\" data-end=\"721\">\n<li data-section-id=\"1w8y349\" data-start=\"595\" data-end=\"615\">K\u00f5rge v\u00f6\u00f6kohaga l\u00f5ige<\/li>\n<li data-section-id=\"x2ri70\" data-start=\"616\" data-end=\"640\">Kihtidest koosnev t\u00fclli disain<\/li>\n<li data-section-id=\"khqjpv\" data-start=\"641\" data-end=\"665\">Pehme ja kerge<\/li>\n<li data-section-id=\"c1ma9o\" data-start=\"666\" data-end=\"687\">Elastne v\u00f6\u00f6koht<\/li>\n<li data-section-id=\"1ps41x9\" data-start=\"688\" data-end=\"704\">Sissemine<\/li>\n<li data-section-id=\"19nf560\" data-start=\"705\" data-end=\"721\">V\u00e4rv: Must<\/li>\n<li data-section-id=\"19nf560\" data-start=\"705\" data-end=\"721\">Eksklusiivne ainulaadne disain<\/li>\n<\/ul>","protected":false},"excerpt":{"rendered":"<p>Kihiline t\u00fcllseelik minipikkuses suurus XXS<\/p>","protected":false},"featured_media":2794,"template":"","meta":{"site-sidebar-layout":"default","site-content-layout":"","ast-site-content-layout":"default","site-content-style":"default","site-sidebar-style":"default","ast-global-header-display":"","ast-banner-title-visibility":"","ast-main-header-display":"","ast-hfb-above-header-display":"","ast-hfb-below-header-display":"","ast-hfb-mobile-header-display":"","site-post-title":"","ast-breadcrumbs-content":"","ast-featured-img":"","footer-sml-layout":"","theme-transparent-header-meta":"default","adv-header-id-meta":"","stick-header-meta":"","header-above-stick-meta":"","header-main-stick-meta":"","header-below-stick-meta":"","astra-migrate-meta-layouts":"set","ast-page-background-enabled":"default","ast-page-background-meta":{"desktop":{"background-color":"var(--ast-global-color-4)","background-image":"","background-repeat":"repeat","background-position":"center center","background-size":"auto","background-attachment":"scroll","background-type":"","background-media":"","overlay-type":"","overlay-color":"","overlay-gradient":""},"tablet":{"background-color":"","background-image":"","background-repeat":"repeat","background-position":"center center","background-size":"auto","background-attachment":"scroll","background-type":"","background-media":"","overlay-type":"","overlay-color":"","overlay-gradient":""},"mobile":{"background-color":"","background-image":"","background-repeat":"repeat","background-position":"center center","background-size":"auto","background-attachment":"scroll","background-type":"","background-media":"","overlay-type":"","overlay-color":"","overlay-gradient":""}},"ast-content-background-meta":{"desktop":{"background-color":"var(--ast-global-color-5)","background-image":"","background-repeat":"repeat","background-position":"center center","background-size":"auto","background-attachment":"scroll","background-type":"","background-media":"","overlay-type":"","overlay-color":"","overlay-gradient":""},"tablet":{"background-color":"var(--ast-global-color-5)","background-image":"","background-repeat":"repeat","background-position":"center center","background-size":"auto","background-attachment":"scroll","background-type":"","background-media":"","overlay-type":"","overlay-color":"","overlay-gradient":""},"mobile":{"background-color":"var(--ast-global-color-5)","background-image":"","background-repeat":"repeat","background-position":"center center","background-size":"auto","background-attachment":"scroll","background-type":"","background-media":"","overlay-type":"","overlay-color":"","overlay-gradient":""}}},"product_brand":[],"product_cat":[189],"product_tag":[],"class_list":{"0":"post-2793","1":"product","2":"type-product","3":"status-publish","4":"has-post-thumbnail","6":"product_cat-skirt","7":"desktop-align-left","8":"tablet-align-left","9":"mobile-align-left","11":"first","12":"instock","13":"shipping-taxable","14":"purchasable","15":"product-type-simple"},"yoast_head":"<!-- This site is optimized with the Yoast SEO plugin v27.4 - https:\/\/yoast.com\/product\/yoast-seo-wordpress\/ -->\n<title>Layered Tulle Mini Skirt | Ohno Couture<\/title>\n<meta name=\"robots\" content=\"index, follow, max-snippet:-1, max-image-preview:large, max-video-preview:-1\" \/>\n<link rel=\"canonical\" href=\"https:\/\/ohnocouture.com\/et\/shop\/layered-tulle-mini-skirt\/\" \/>\n<meta property=\"og:locale\" content=\"et_EE\" \/>\n<meta property=\"og:type\" content=\"article\" \/>\n<meta property=\"og:title\" content=\"Layered Tulle Mini Skirt | Ohno Couture\" \/>\n<meta property=\"og:description\" content=\"Layered Tulle Mini Skirt \u00a0size XXS\" \/>\n<meta property=\"og:url\" content=\"https:\/\/ohnocouture.com\/et\/shop\/layered-tulle-mini-skirt\/\" \/>\n<meta property=\"og:site_name\" content=\"Ohno Couture\" \/>\n<meta property=\"article:modified_time\" content=\"2026-04-14T15:16:44+00:00\" \/>\n<meta property=\"og:image\" content=\"https:\/\/ohnocouture.com\/wp-content\/uploads\/2026\/04\/IMG_7346.jpeg\" \/>\n\t<meta property=\"og:image:width\" content=\"1313\" \/>\n\t<meta property=\"og:image:height\" content=\"1963\" \/>\n\t<meta property=\"og:image:type\" content=\"image\/jpeg\" \/>\n<meta name=\"twitter:card\" content=\"summary_large_image\" \/>\n<meta name=\"twitter:label1\" content=\"Est. reading time\" \/>\n\t<meta name=\"twitter:data1\" content=\"1 minut\" \/>\n<script type=\"application\/ld+json\" class=\"yoast-schema-graph\">{\"@context\":\"https:\\\/\\\/schema.org\",\"@graph\":[{\"@type\":\"WebPage\",\"@id\":\"https:\\\/\\\/ohnocouture.com\\\/shop\\\/layered-tulle-mini-skirt\\\/\",\"url\":\"https:\\\/\\\/ohnocouture.com\\\/shop\\\/layered-tulle-mini-skirt\\\/\",\"name\":\"Layered Tulle Mini Skirt | Ohno Couture\",\"isPartOf\":{\"@id\":\"https:\\\/\\\/ohnocouture.com\\\/#website\"},\"primaryImageOfPage\":{\"@id\":\"https:\\\/\\\/ohnocouture.com\\\/shop\\\/layered-tulle-mini-skirt\\\/#primaryimage\"},\"image\":{\"@id\":\"https:\\\/\\\/ohnocouture.com\\\/shop\\\/layered-tulle-mini-skirt\\\/#primaryimage\"},\"thumbnailUrl\":\"https:\\\/\\\/ohnocouture.com\\\/wp-content\\\/uploads\\\/2026\\\/04\\\/IMG_7346.jpeg\",\"datePublished\":\"2026-04-14T15:04:29+00:00\",\"dateModified\":\"2026-04-14T15:16:44+00:00\",\"breadcrumb\":{\"@id\":\"https:\\\/\\\/ohnocouture.com\\\/shop\\\/layered-tulle-mini-skirt\\\/#breadcrumb\"},\"inLanguage\":\"et\",\"potentialAction\":[{\"@type\":\"ReadAction\",\"target\":[\"https:\\\/\\\/ohnocouture.com\\\/shop\\\/layered-tulle-mini-skirt\\\/\"]}]},{\"@type\":\"ImageObject\",\"inLanguage\":\"et\",\"@id\":\"https:\\\/\\\/ohnocouture.com\\\/shop\\\/layered-tulle-mini-skirt\\\/#primaryimage\",\"url\":\"https:\\\/\\\/ohnocouture.com\\\/wp-content\\\/uploads\\\/2026\\\/04\\\/IMG_7346.jpeg\",\"contentUrl\":\"https:\\\/\\\/ohnocouture.com\\\/wp-content\\\/uploads\\\/2026\\\/04\\\/IMG_7346.jpeg\",\"width\":1313,\"height\":1963,\"caption\":\"Screenshot\"},{\"@type\":\"BreadcrumbList\",\"@id\":\"https:\\\/\\\/ohnocouture.com\\\/shop\\\/layered-tulle-mini-skirt\\\/#breadcrumb\",\"itemListElement\":[{\"@type\":\"ListItem\",\"position\":1,\"name\":\"Home\",\"item\":\"https:\\\/\\\/ohnocouture.com\\\/\"},{\"@type\":\"ListItem\",\"position\":2,\"name\":\"Shop Sustainable Designer Clothing\",\"item\":\"https:\\\/\\\/ohnocouture.com\\\/shop\\\/\"},{\"@type\":\"ListItem\",\"position\":3,\"name\":\"Layered Tulle Mini Skirt\"}]},{\"@type\":\"WebSite\",\"@id\":\"https:\\\/\\\/ohnocouture.com\\\/#website\",\"url\":\"https:\\\/\\\/ohnocouture.com\\\/\",\"name\":\"OhnoCouture\",\"description\":\"Effortless Elegance. Intentionally Designed.\",\"publisher\":{\"@id\":\"https:\\\/\\\/ohnocouture.com\\\/#organization\"},\"potentialAction\":[{\"@type\":\"SearchAction\",\"target\":{\"@type\":\"EntryPoint\",\"urlTemplate\":\"https:\\\/\\\/ohnocouture.com\\\/?s={search_term_string}\"},\"query-input\":{\"@type\":\"PropertyValueSpecification\",\"valueRequired\":true,\"valueName\":\"search_term_string\"}}],\"inLanguage\":\"et\"},{\"@type\":\"Organization\",\"@id\":\"https:\\\/\\\/ohnocouture.com\\\/#organization\",\"name\":\"OhnoCouture\",\"url\":\"https:\\\/\\\/ohnocouture.com\\\/\",\"logo\":{\"@type\":\"ImageObject\",\"inLanguage\":\"et\",\"@id\":\"https:\\\/\\\/ohnocouture.com\\\/#\\\/schema\\\/logo\\\/image\\\/\",\"url\":\"https:\\\/\\\/ohnocouture.com\\\/wp-content\\\/uploads\\\/2026\\\/04\\\/cropped-ohnocouture-favicon.png\",\"contentUrl\":\"https:\\\/\\\/ohnocouture.com\\\/wp-content\\\/uploads\\\/2026\\\/04\\\/cropped-ohnocouture-favicon.png\",\"width\":512,\"height\":512,\"caption\":\"OhnoCouture\"},\"image\":{\"@id\":\"https:\\\/\\\/ohnocouture.com\\\/#\\\/schema\\\/logo\\\/image\\\/\"}}]}<\/script>\n<!-- \/ Yoast SEO plugin. -->","yoast_head_json":{"title":"Layered Tulle Mini Skirt | Ohno Couture","robots":{"index":"index","follow":"follow","max-snippet":"max-snippet:-1","max-image-preview":"max-image-preview:large","max-video-preview":"max-video-preview:-1"},"canonical":"https:\/\/ohnocouture.com\/et\/shop\/layered-tulle-mini-skirt\/","og_locale":"et_EE","og_type":"article","og_title":"Layered Tulle Mini Skirt | Ohno Couture","og_description":"Layered Tulle Mini Skirt \u00a0size XXS","og_url":"https:\/\/ohnocouture.com\/et\/shop\/layered-tulle-mini-skirt\/","og_site_name":"Ohno Couture","article_modified_time":"2026-04-14T15:16:44+00:00","og_image":[{"width":1313,"height":1963,"url":"https:\/\/ohnocouture.com\/wp-content\/uploads\/2026\/04\/IMG_7346.jpeg","type":"image\/jpeg"}],"twitter_card":"summary_large_image","twitter_misc":{"Est. reading time":"1 minut"},"schema":{"@context":"https:\/\/schema.org","@graph":[{"@type":"WebPage","@id":"https:\/\/ohnocouture.com\/shop\/layered-tulle-mini-skirt\/","url":"https:\/\/ohnocouture.com\/shop\/layered-tulle-mini-skirt\/","name":"Layered Tulle Mini Skirt | Ohno Couture","isPartOf":{"@id":"https:\/\/ohnocouture.com\/#website"},"primaryImageOfPage":{"@id":"https:\/\/ohnocouture.com\/shop\/layered-tulle-mini-skirt\/#primaryimage"},"image":{"@id":"https:\/\/ohnocouture.com\/shop\/layered-tulle-mini-skirt\/#primaryimage"},"thumbnailUrl":"https:\/\/ohnocouture.com\/wp-content\/uploads\/2026\/04\/IMG_7346.jpeg","datePublished":"2026-04-14T15:04:29+00:00","dateModified":"2026-04-14T15:16:44+00:00","breadcrumb":{"@id":"https:\/\/ohnocouture.com\/shop\/layered-tulle-mini-skirt\/#breadcrumb"},"inLanguage":"et","potentialAction":[{"@type":"ReadAction","target":["https:\/\/ohnocouture.com\/shop\/layered-tulle-mini-skirt\/"]}]},{"@type":"ImageObject","inLanguage":"et","@id":"https:\/\/ohnocouture.com\/shop\/layered-tulle-mini-skirt\/#primaryimage","url":"https:\/\/ohnocouture.com\/wp-content\/uploads\/2026\/04\/IMG_7346.jpeg","contentUrl":"https:\/\/ohnocouture.com\/wp-content\/uploads\/2026\/04\/IMG_7346.jpeg","width":1313,"height":1963,"caption":"Screenshot"},{"@type":"BreadcrumbList","@id":"https:\/\/ohnocouture.com\/shop\/layered-tulle-mini-skirt\/#breadcrumb","itemListElement":[{"@type":"ListItem","position":1,"name":"Home","item":"https:\/\/ohnocouture.com\/"},{"@type":"ListItem","position":2,"name":"Shop Sustainable Designer Clothing","item":"https:\/\/ohnocouture.com\/shop\/"},{"@type":"ListItem","position":3,"name":"Layered Tulle Mini Skirt"}]},{"@type":"WebSite","@id":"https:\/\/ohnocouture.com\/#website","url":"https:\/\/ohnocouture.com\/","name":"OhnoCouture","description":"Effortless Elegance. Intentionally Designed.","publisher":{"@id":"https:\/\/ohnocouture.com\/#organization"},"potentialAction":[{"@type":"SearchAction","target":{"@type":"EntryPoint","urlTemplate":"https:\/\/ohnocouture.com\/?s={search_term_string}"},"query-input":{"@type":"PropertyValueSpecification","valueRequired":true,"valueName":"search_term_string"}}],"inLanguage":"et"},{"@type":"Organization","@id":"https:\/\/ohnocouture.com\/#organization","name":"OhnoCouture","url":"https:\/\/ohnocouture.com\/","logo":{"@type":"ImageObject","inLanguage":"et","@id":"https:\/\/ohnocouture.com\/#\/schema\/logo\/image\/","url":"https:\/\/ohnocouture.com\/wp-content\/uploads\/2026\/04\/cropped-ohnocouture-favicon.png","contentUrl":"https:\/\/ohnocouture.com\/wp-content\/uploads\/2026\/04\/cropped-ohnocouture-favicon.png","width":512,"height":512,"caption":"OhnoCouture"},"image":{"@id":"https:\/\/ohnocouture.com\/#\/schema\/logo\/image\/"}}]}},"jetpack_sharing_enabled":true,"_links":{"self":[{"href":"https:\/\/ohnocouture.com\/et\/wp-json\/wp\/v2\/product\/2793","targetHints":{"allow":["GET"]}}],"collection":[{"href":"https:\/\/ohnocouture.com\/et\/wp-json\/wp\/v2\/product"}],"about":[{"href":"https:\/\/ohnocouture.com\/et\/wp-json\/wp\/v2\/types\/product"}],"wp:featuredmedia":[{"embeddable":true,"href":"https:\/\/ohnocouture.com\/et\/wp-json\/wp\/v2\/media\/2794"}],"wp:attachment":[{"href":"https:\/\/ohnocouture.com\/et\/wp-json\/wp\/v2\/media?parent=2793"}],"wp:term":[{"taxonomy":"product_brand","embeddable":true,"href":"https:\/\/ohnocouture.com\/et\/wp-json\/wp\/v2\/product_brand?post=2793"},{"taxonomy":"product_cat","embeddable":true,"href":"https:\/\/ohnocouture.com\/et\/wp-json\/wp\/v2\/product_cat?post=2793"},{"taxonomy":"product_tag","embeddable":true,"href":"https:\/\/ohnocouture.com\/et\/wp-json\/wp\/v2\/product_tag?post=2793"}],"curies":[{"name":"wp","href":"https:\/\/api.w.org\/{rel}","templated":true}]}}